{"id":166,"date":"2024-01-17T18:00:03","date_gmt":"2024-01-17T18:00:03","guid":{"rendered":"http:\/\/strefaelewacji.pl\/?page_id=166"},"modified":"2024-03-27T11:26:11","modified_gmt":"2024-03-27T11:26:11","slug":"o-nas","status":"publish","type":"page","link":"https:\/\/strefaelewacji.pl\/old\/o-nas\/","title":{"rendered":"O nas"},"content":{"rendered":"\t\t<div data-elementor-type=\"wp-page\" data-elementor-id=\"166\" class=\"elementor elementor-166\">\n\t\t\t\t\t\t<section class=\"elementor-section elementor-top-section elementor-element elementor-element-f44f81a elementor-section-content-middle elementor-section-stretched elementor-section-boxed elementor-section-height-default elementor-section-height-default\" data-id=\"f44f81a\" data-element_type=\"section\" data-settings=\"{&quot;stretch_section&quot;:&quot;section-stretched&quot;,&quot;background_background&quot;:&quot;classic&quot;}\">\n\t\t\t\t\t\t\t<div class=\"elementor-background-overlay\"><\/div>\n\t\t\t\t\t\t\t<div class=\"elementor-container elementor-column-gap-default\">\n\t\t\t\t\t<div class=\"elementor-column elementor-col-33 elementor-top-column elementor-element elementor-element-5de7144\" data-id=\"5de7144\" data-element_type=\"column\">\n\t\t\t<div class=\"elementor-widget-wrap elementor-element-populated\">\n\t\t\t\t\t\t<div class=\"elementor-element elementor-element-de4246e elementor-widget elementor-widget-image\" data-id=\"de4246e\" data-element_type=\"widget\" data-widget_type=\"image.default\">\n\t\t\t\t<div class=\"elementor-widget-container\">\n\t\t\t\t\t\t\t\t\t\t\t\t\t<img fetchpriority=\"high\" decoding=\"async\" width=\"800\" height=\"800\" src=\"https:\/\/strefaelewacji.pl\/old\/wp-content\/uploads\/2024\/03\/3-3.jpg\" class=\"attachment-large size-large wp-image-879\" alt=\"\" srcset=\"https:\/\/strefaelewacji.pl\/old\/wp-content\/uploads\/2024\/03\/3-3.jpg 800w, https:\/\/strefaelewacji.pl\/old\/wp-content\/uploads\/2024\/03\/3-3-300x300.jpg 300w, https:\/\/strefaelewacji.pl\/old\/wp-content\/uploads\/2024\/03\/3-3-150x150.jpg 150w, https:\/\/strefaelewacji.pl\/old\/wp-content\/uploads\/2024\/03\/3-3-768x768.jpg 768w, https:\/\/strefaelewacji.pl\/old\/wp-content\/uploads\/2024\/03\/3-3-400x400.jpg 400w\" sizes=\"(max-width: 800px) 100vw, 800px\" \/>\t\t\t\t\t\t\t\t\t\t\t\t\t<\/div>\n\t\t\t\t<\/div>\n\t\t\t\t\t<\/div>\n\t\t<\/div>\n\t\t\t\t<div class=\"elementor-column elementor-col-66 elementor-top-column elementor-element elementor-element-f6668ee\" data-id=\"f6668ee\" data-element_type=\"column\">\n\t\t\t<div class=\"elementor-widget-wrap elementor-element-populated\">\n\t\t\t\t\t\t<div class=\"elementor-element elementor-element-94afdd7 elementor-widget elementor-widget-konte-heading\" data-id=\"94afdd7\" data-element_type=\"widget\" data-widget_type=\"konte-heading.default\">\n\t\t\t\t<div class=\"elementor-widget-container\">\n\t\t\t<h2 class=\"konte-heading-title konte-heading-title--default\">Kilka s\u0142\u00f3w o Strefa Elewacji<\/h2>\t\t<\/div>\n\t\t\t\t<\/div>\n\t\t\t\t<div class=\"elementor-element elementor-element-c137714 elementor-widget-divider--view-line elementor-widget elementor-widget-divider\" data-id=\"c137714\" data-element_type=\"widget\" data-widget_type=\"divider.default\">\n\t\t\t\t<div class=\"elementor-widget-container\">\n\t\t\t\t\t<div class=\"elementor-divider\">\n\t\t\t<span class=\"elementor-divider-separator\">\n\t\t\t\t\t\t<\/span>\n\t\t<\/div>\n\t\t\t\t<\/div>\n\t\t\t\t<\/div>\n\t\t\t\t<div class=\"elementor-element elementor-element-1f240a9 elementor-widget elementor-widget-heading\" data-id=\"1f240a9\" data-element_type=\"widget\" data-widget_type=\"heading.default\">\n\t\t\t\t<div class=\"elementor-widget-container\">\n\t\t\t<h4 class=\"elementor-heading-title elementor-size-default\">Oferujemy kompleksowe rozwi\u0105zania dla Twoich potrzeb budowlanych. Znajdziesz u nas wysokiej jako\u015bci styropian, tynki i zaprawy, materia\u0142y dodatkowe oraz narz\u0119dzia.<\/h4>\t\t<\/div>\n\t\t\t\t<\/div>\n\t\t\t\t<div class=\"elementor-element elementor-element-6058fd7 elementor-widget elementor-widget-text-editor\" data-id=\"6058fd7\" data-element_type=\"widget\" data-widget_type=\"text-editor.default\">\n\t\t\t\t<div class=\"elementor-widget-container\">\n\t\t\t\t\t\t\t<p>Strefa Elewacji to wi\u0119cej ni\u017c tylko firma zajmuj\u0105ca si\u0119 sprzeda\u017c\u0105 materia\u0142\u00f3w budowlanych. Jeste\u015bmy zespo\u0142em pasjonat\u00f3w, dla kt\u00f3rych ka\u017cdy projekt budowlany jest wyzwaniem i szans\u0105 na stworzenie czego\u015b wyj\u0105tkowego. Nasz\u0105 misj\u0105 jest dostarczanie klientom nie tylko wysokiej jako\u015bci produkt\u00f3w, ale tak\u017ce kompleksowej obs\u0142ugi opartej na profesjonalizmie i zaanga\u017cowaniu.<\/p>\t\t\t\t\t\t<\/div>\n\t\t\t\t<\/div>\n\t\t\t\t<div class=\"elementor-element elementor-element-8707a1f konte-button-wrapper--align-left konte-button-wrapper--align-center elementor-widget__width-auto elementor-widget elementor-widget-konte-button\" data-id=\"8707a1f\" data-element_type=\"widget\" data-widget_type=\"konte-button.default\">\n\t\t\t\t<div class=\"elementor-widget-container\">\n\t\t\t\t\t<a class=\"konte-button konte-button--elementor konte-button--type-outline button-outline konte-button--size-normal normal konte-button--link button square\" role=\"button\" href=\"\/sklep\/\">\n\t\t\t<span class=\"konte-button__text\">Nasze produkty<\/span>\n\t\t<\/a>\n\t\t\t\t<\/div>\n\t\t\t\t<\/div>\n\t\t\t\t\t<\/div>\n\t\t<\/div>\n\t\t\t\t\t<\/div>\n\t\t<\/section>\n\t\t\t\t<section class=\"elementor-section elementor-top-section elementor-element elementor-element-2058120c elementor-section-stretched elementor-section-boxed elementor-section-height-default elementor-section-height-default\" data-id=\"2058120c\" data-element_type=\"section\" data-settings=\"{&quot;stretch_section&quot;:&quot;section-stretched&quot;}\">\n\t\t\t\t\t\t\t<div class=\"elementor-background-overlay\"><\/div>\n\t\t\t\t\t\t\t<div class=\"elementor-container elementor-column-gap-no\">\n\t\t\t\t\t<div class=\"elementor-column elementor-col-100 elementor-top-column elementor-element elementor-element-5301b64f\" data-id=\"5301b64f\" data-element_type=\"column\">\n\t\t\t<div class=\"elementor-widget-wrap elementor-element-populated\">\n\t\t\t\t\t\t<div class=\"elementor-element elementor-element-70245ea5 elementor-widget elementor-widget-konte-heading\" data-id=\"70245ea5\" data-element_type=\"widget\" data-widget_type=\"konte-heading.default\">\n\t\t\t\t<div class=\"elementor-widget-container\">\n\t\t\t<h2 class=\"konte-heading-title konte-heading-title--default\">Dlaczego warto nas wybra\u0107?<\/h2>\t\t<\/div>\n\t\t\t\t<\/div>\n\t\t\t\t<section class=\"elementor-section elementor-inner-section elementor-element elementor-element-7d7f19bc elementor-section-boxed elementor-section-height-default elementor-section-height-default\" data-id=\"7d7f19bc\" data-element_type=\"section\">\n\t\t\t\t\t\t<div class=\"elementor-container elementor-column-gap-no\">\n\t\t\t\t\t<div class=\"elementor-column elementor-col-50 elementor-inner-column elementor-element elementor-element-713a625f\" data-id=\"713a625f\" data-element_type=\"column\">\n\t\t\t<div class=\"elementor-widget-wrap elementor-element-populated\">\n\t\t\t\t\t\t<div class=\"elementor-element elementor-element-5d8a1043 icon-box elementor-widget elementor-widget-konte-icon-box\" data-id=\"5d8a1043\" data-element_type=\"widget\" data-widget_type=\"konte-icon-box.default\">\n\t\t\t\t<div class=\"elementor-widget-container\">\n\t\t\t\t\t<div class=\"konte-icon-box icon-type-image box-align-left\">\n\t\t\t<div class=\"konte-icon-box__icon\">\n\t\t\t\t<img decoding=\"async\" alt=\"Do\u015bwiadczenie i profesjonalizm\" src=\"http:\/\/strefaelewacji.pl\/wp-content\/uploads\/2024\/03\/expertise.png\">\t\t\t<\/div>\n\t\t\t<h4 class=\"konte-icon-box__title\">Do\u015bwiadczenie i profesjonalizm<\/h4>\n\t\t\t<div class=\"konte-icon-box__content\">Z ponad dziesi\u0119cioletnim do\u015bwiadczeniem na rynku budowlanym, Strefa Elewacji zdoby\u0142a zaufanie wielu klient\u00f3w. Nasza wiedza i umiej\u0119tno\u015bci pozwalaj\u0105 nam sprosta\u0107 nawet najbardziej wymagaj\u0105cym wyzwaniom, zapewniaj\u0105c satysfakcj\u0119 i trwa\u0142e efekty.<\/div>\n\t\t<\/div>\n\t\t\t\t<\/div>\n\t\t\t\t<\/div>\n\t\t\t\t\t<\/div>\n\t\t<\/div>\n\t\t\t\t<div class=\"elementor-column elementor-col-50 elementor-inner-column elementor-element elementor-element-3439ddfe\" data-id=\"3439ddfe\" data-element_type=\"column\">\n\t\t\t<div class=\"elementor-widget-wrap elementor-element-populated\">\n\t\t\t\t\t\t<div class=\"elementor-element elementor-element-6d0be26b icon-box elementor-widget elementor-widget-konte-icon-box\" data-id=\"6d0be26b\" data-element_type=\"widget\" data-widget_type=\"konte-icon-box.default\">\n\t\t\t\t<div class=\"elementor-widget-container\">\n\t\t\t\t\t<div class=\"konte-icon-box icon-type-image box-align-left\">\n\t\t\t<div class=\"konte-icon-box__icon\">\n\t\t\t\t<img decoding=\"async\" alt=\"Innowacyjno\u015b\u0107 i jako\u015b\u0107\" src=\"http:\/\/strefaelewacji.pl\/wp-content\/uploads\/2024\/03\/checked.png\">\t\t\t<\/div>\n\t\t\t<h4 class=\"konte-icon-box__title\">Innowacyjno\u015b\u0107 i jako\u015b\u0107<\/h4>\n\t\t\t<div class=\"konte-icon-box__content\">Jeste\u015bmy stale na bie\u017c\u0105co z nowymi trendami i technologiami w bran\u017cy budowlanej. Dzi\u0119ki temu mo\u017cemy oferowa\u0107 naszym klientom najnowsze i najbardziej innowacyjne rozwi\u0105zania, kt\u00f3re spe\u0142niaj\u0105 najwy\u017csze standardy jako\u015bciowe.<\/div>\n\t\t<\/div>\n\t\t\t\t<\/div>\n\t\t\t\t<\/div>\n\t\t\t\t\t<\/div>\n\t\t<\/div>\n\t\t\t\t\t<\/div>\n\t\t<\/section>\n\t\t\t\t<section class=\"elementor-section elementor-inner-section elementor-element elementor-element-7cfec315 elementor-section-boxed elementor-section-height-default elementor-section-height-default\" data-id=\"7cfec315\" data-element_type=\"section\">\n\t\t\t\t\t\t<div class=\"elementor-container elementor-column-gap-no\">\n\t\t\t\t\t<div class=\"elementor-column elementor-col-50 elementor-inner-column elementor-element elementor-element-3262f15e\" data-id=\"3262f15e\" data-element_type=\"column\">\n\t\t\t<div class=\"elementor-widget-wrap elementor-element-populated\">\n\t\t\t\t\t\t<div class=\"elementor-element elementor-element-2f3ab15e icon-box elementor-widget elementor-widget-konte-icon-box\" data-id=\"2f3ab15e\" data-element_type=\"widget\" data-widget_type=\"konte-icon-box.default\">\n\t\t\t\t<div class=\"elementor-widget-container\">\n\t\t\t\t\t<div class=\"konte-icon-box icon-type-image box-align-left\">\n\t\t\t<div class=\"konte-icon-box__icon\">\n\t\t\t\t<img decoding=\"async\" alt=\"Partnerstwo z klientem\" src=\"http:\/\/strefaelewacji.pl\/wp-content\/uploads\/2024\/03\/handshake.png\">\t\t\t<\/div>\n\t\t\t<h4 class=\"konte-icon-box__title\">Partnerstwo z klientem<\/h4>\n\t\t\t<div class=\"konte-icon-box__content\">W Strefie Elewacji stawiamy na indywidualne podej\u015bcie do ka\u017cdego klienta. Nasz zesp\u00f3\u0142 zawsze s\u0142u\u017cy fachow\u0105 porad\u0105 i pomoc\u0105, pomagaj\u0105c w doborze odpowiednich materia\u0142\u00f3w i rozwi\u0105za\u0144 dostosowanych do konkretnych potrzeb i oczekiwa\u0144.<\/div>\n\t\t<\/div>\n\t\t\t\t<\/div>\n\t\t\t\t<\/div>\n\t\t\t\t\t<\/div>\n\t\t<\/div>\n\t\t\t\t<div class=\"elementor-column elementor-col-50 elementor-inner-column elementor-element elementor-element-247fbb8f\" data-id=\"247fbb8f\" data-element_type=\"column\">\n\t\t\t<div class=\"elementor-widget-wrap elementor-element-populated\">\n\t\t\t\t\t\t<div class=\"elementor-element elementor-element-2559ea47 icon-box elementor-widget elementor-widget-konte-icon-box\" data-id=\"2559ea47\" data-element_type=\"widget\" data-widget_type=\"konte-icon-box.default\">\n\t\t\t\t<div class=\"elementor-widget-container\">\n\t\t\t\t\t<div class=\"konte-icon-box icon-type-image box-align-left\">\n\t\t\t<div class=\"konte-icon-box__icon\">\n\t\t\t\t<img decoding=\"async\" alt=\"Zaufanie i satysfakcja\" src=\"http:\/\/strefaelewacji.pl\/wp-content\/uploads\/2024\/03\/rating-stars.png\">\t\t\t<\/div>\n\t\t\t<h4 class=\"konte-icon-box__title\">Zaufanie i satysfakcja<\/h4>\n\t\t\t<div class=\"konte-icon-box__content\">Naszym najwi\u0119kszym sukcesem s\u0105 zadowoleni klienci, kt\u00f3rzy wracaj\u0105 do nas z kolejnymi projektami oraz polecaj\u0105 nas swoim znajomym i wsp\u00f3\u0142pracownikom. Dla nas ka\u017cde zako\u0144czone z sukcesem przedsi\u0119wzi\u0119cie to dow\u00f3d na to, \u017ce jeste\u015bmy na w\u0142a\u015bciwej drodze.<\/div>\n\t\t<\/div>\n\t\t\t\t<\/div>\n\t\t\t\t<\/div>\n\t\t\t\t\t<\/div>\n\t\t<\/div>\n\t\t\t\t\t<\/div>\n\t\t<\/section>\n\t\t\t\t\t<\/div>\n\t\t<\/div>\n\t\t\t\t\t<\/div>\n\t\t<\/section>\n\t\t\t\t<section class=\"elementor-section elementor-top-section elementor-element elementor-element-323d24d elementor-section-stretched elementor-section-boxed elementor-section-height-default elementor-section-height-default\" data-id=\"323d24d\" data-element_type=\"section\" data-settings=\"{&quot;stretch_section&quot;:&quot;section-stretched&quot;,&quot;background_background&quot;:&quot;classic&quot;}\">\n\t\t\t\t\t\t\t<div class=\"elementor-background-overlay\"><\/div>\n\t\t\t\t\t\t\t<div class=\"elementor-container elementor-column-gap-no\">\n\t\t\t\t\t<div class=\"elementor-column elementor-col-100 elementor-top-column elementor-element elementor-element-e356110\" data-id=\"e356110\" data-element_type=\"column\">\n\t\t\t<div class=\"elementor-widget-wrap elementor-element-populated\">\n\t\t\t\t\t\t<div class=\"elementor-element elementor-element-c44d522 elementor-widget elementor-widget-konte-heading\" data-id=\"c44d522\" data-element_type=\"widget\" data-widget_type=\"konte-heading.default\">\n\t\t\t\t<div class=\"elementor-widget-container\">\n\t\t\t<h2 class=\"konte-heading-title konte-heading-title--default\">Opinie klient\u00f3w<\/h2>\t\t<\/div>\n\t\t\t\t<\/div>\n\t\t\t\t<div class=\"elementor-element elementor-element-a0f5870 elementor-widget-divider--view-line elementor-widget elementor-widget-divider\" data-id=\"a0f5870\" data-element_type=\"widget\" data-widget_type=\"divider.default\">\n\t\t\t\t<div class=\"elementor-widget-container\">\n\t\t\t\t\t<div class=\"elementor-divider\">\n\t\t\t<span class=\"elementor-divider-separator\">\n\t\t\t\t\t\t<\/span>\n\t\t<\/div>\n\t\t\t\t<\/div>\n\t\t\t\t<\/div>\n\t\t\t\t<div class=\"elementor-element elementor-element-f3cb9b2 elementor-widget elementor-widget-konte-testimonial-carousel\" data-id=\"f3cb9b2\" data-element_type=\"widget\" data-settings=\"{&quot;slides_to_show&quot;:2,&quot;slides_to_scroll&quot;:1,&quot;navigation&quot;:&quot;dots&quot;,&quot;infinite&quot;:&quot;yes&quot;,&quot;autoplay&quot;:&quot;yes&quot;,&quot;autoplay_speed&quot;:3000,&quot;pause_on_hover&quot;:&quot;yes&quot;,&quot;speed&quot;:800}\" data-widget_type=\"konte-testimonial-carousel.default\">\n\t\t\t\t<div class=\"elementor-widget-container\">\n\t\t\t\t\t<div class=\"konte-testimonial-carousel konte-testimonial-carousel--elementor konte-carousel konte-carousel--elementor konte-carousel--swiper konte-carousel--nav-dots swiper-container\">\n\t\t\t<div class=\"konte-testimonial-carousel__list swiper-wrapper\">\n\t\t\t\t\t\t\t\t\t\t\t\t\t\t<div class=\"konte-testimonial swiper-slide\">\n\t\t\t\t\t\t<div class=\"konte-testimonial__photo\">\n\t\t\t\t\t\t\t<img decoding=\"async\" src=\"https:\/\/strefaelewacji.pl\/old\/wp-content\/plugins\/konte-addons\/\/assets\/images\/person.jpg\" alt=\"Jan Nowak\">\t\t\t\t\t\t<\/div>\n\t\t\t\t\t\t<div class=\"konte-testimonial__entry\">\n\t\t\t\t\t\t\t<div class=\"konte-testimonial__content\">Lorem ipsum dolor sit amet, consectetur adipiscing elit. Ut elit tellus, luctus necLorem ipsum dolor sit amet, consectetur adipiscing elit. Ut elit tellus, luctus nec ullamcorper mattis, pulvinar dapibus leo. ullamcorper mattis, pulvinar dapibus leo.<\/div>\n\t\t\t\t\t\t\t<div class=\"konte-testimonial__author\">\n\t\t\t\t\t\t\t\t<span class=\"konte-testimonial__name\">Jan Nowak<\/span>\n\t\t\t\t\t\t\t\t<span class=\"konte-testimonial__author-separator\">-<\/span>\n\t\t\t\t\t\t\t\t<span class=\"konte-testimonial__company\"><\/span>\n\t\t\t\t\t\t\t<\/div>\n\t\t\t\t\t\t<\/div>\n\t\t\t\t\t<\/div>\n\t\t\t\t\t\t\t\t\t\t\t\t\t\t<div class=\"konte-testimonial swiper-slide\">\n\t\t\t\t\t\t<div class=\"konte-testimonial__photo\">\n\t\t\t\t\t\t\t<img decoding=\"async\" src=\"https:\/\/strefaelewacji.pl\/old\/wp-content\/plugins\/konte-addons\/\/assets\/images\/person.jpg\" alt=\"Jan Nowak\">\t\t\t\t\t\t<\/div>\n\t\t\t\t\t\t<div class=\"konte-testimonial__entry\">\n\t\t\t\t\t\t\t<div class=\"konte-testimonial__content\">Lorem ipsum dolor sit amet, consectetur adipiscing elit. Ut elit tellus, luctus necLorem ipsum dolor sit amet, consectetur adipiscing elit. Ut elit tellus, luctus nec ullamcorper mattis, pulvinar dapibus leo. ullamcorper mattis, pulvinar dapibus leo.<\/div>\n\t\t\t\t\t\t\t<div class=\"konte-testimonial__author\">\n\t\t\t\t\t\t\t\t<span class=\"konte-testimonial__name\">Jan Nowak<\/span>\n\t\t\t\t\t\t\t\t<span class=\"konte-testimonial__author-separator\">-<\/span>\n\t\t\t\t\t\t\t\t<span class=\"konte-testimonial__company\"><\/span>\n\t\t\t\t\t\t\t<\/div>\n\t\t\t\t\t\t<\/div>\n\t\t\t\t\t<\/div>\n\t\t\t\t\t\t\t\t\t\t\t\t\t\t<div class=\"konte-testimonial swiper-slide\">\n\t\t\t\t\t\t<div class=\"konte-testimonial__photo\">\n\t\t\t\t\t\t\t<img decoding=\"async\" src=\"https:\/\/strefaelewacji.pl\/old\/wp-content\/plugins\/konte-addons\/\/assets\/images\/person.jpg\" alt=\"Jan Nowak\">\t\t\t\t\t\t<\/div>\n\t\t\t\t\t\t<div class=\"konte-testimonial__entry\">\n\t\t\t\t\t\t\t<div class=\"konte-testimonial__content\">Lorem ipsum dolor sit amet, consectetur adipiscing elit. Ut elit tellus, luctus necLorem ipsum dolor sit amet, consectetur adipiscing elit. Ut elit tellus, luctus nec ullamcorper mattis, pulvinar dapibus leo. ullamcorper mattis, pulvinar dapibus leo.<\/div>\n\t\t\t\t\t\t\t<div class=\"konte-testimonial__author\">\n\t\t\t\t\t\t\t\t<span class=\"konte-testimonial__name\">Jan Nowak<\/span>\n\t\t\t\t\t\t\t\t<span class=\"konte-testimonial__author-separator\">-<\/span>\n\t\t\t\t\t\t\t\t<span class=\"konte-testimonial__company\"><\/span>\n\t\t\t\t\t\t\t<\/div>\n\t\t\t\t\t\t<\/div>\n\t\t\t\t\t<\/div>\n\t\t\t\t\t\t\t\t\t\t\t\t\t\t<div class=\"konte-testimonial swiper-slide\">\n\t\t\t\t\t\t<div class=\"konte-testimonial__photo\">\n\t\t\t\t\t\t\t<img decoding=\"async\" src=\"https:\/\/strefaelewacji.pl\/old\/wp-content\/plugins\/konte-addons\/\/assets\/images\/person.jpg\" alt=\"Jan Nowak\">\t\t\t\t\t\t<\/div>\n\t\t\t\t\t\t<div class=\"konte-testimonial__entry\">\n\t\t\t\t\t\t\t<div class=\"konte-testimonial__content\">Lorem ipsum dolor sit amet, consectetur adipiscing elit. Ut elit tellus, luctus necLorem ipsum dolor sit amet, consectetur adipiscing elit. Ut elit tellus, luctus nec ullamcorper mattis, pulvinar dapibus leo. ullamcorper mattis, pulvinar dapibus leo.<\/div>\n\t\t\t\t\t\t\t<div class=\"konte-testimonial__author\">\n\t\t\t\t\t\t\t\t<span class=\"konte-testimonial__name\">Jan Nowak<\/span>\n\t\t\t\t\t\t\t\t<span class=\"konte-testimonial__author-separator\">-<\/span>\n\t\t\t\t\t\t\t\t<span class=\"konte-testimonial__company\"><\/span>\n\t\t\t\t\t\t\t<\/div>\n\t\t\t\t\t\t<\/div>\n\t\t\t\t\t<\/div>\n\t\t\t\t\t\t\t\t\t\t\t\t\t\t<div class=\"konte-testimonial swiper-slide\">\n\t\t\t\t\t\t<div class=\"konte-testimonial__photo\">\n\t\t\t\t\t\t\t<img decoding=\"async\" src=\"https:\/\/strefaelewacji.pl\/old\/wp-content\/plugins\/konte-addons\/\/assets\/images\/person.jpg\" alt=\"Jan Nowak\">\t\t\t\t\t\t<\/div>\n\t\t\t\t\t\t<div class=\"konte-testimonial__entry\">\n\t\t\t\t\t\t\t<div class=\"konte-testimonial__content\">Lorem ipsum dolor sit amet, consectetur adipiscing elit. Ut elit tellus, luctus necLorem ipsum dolor sit amet, consectetur adipiscing elit. Ut elit tellus, luctus nec ullamcorper mattis, pulvinar dapibus leo. ullamcorper mattis, pulvinar dapibus leo.<\/div>\n\t\t\t\t\t\t\t<div class=\"konte-testimonial__author\">\n\t\t\t\t\t\t\t\t<span class=\"konte-testimonial__name\">Jan Nowak<\/span>\n\t\t\t\t\t\t\t\t<span class=\"konte-testimonial__author-separator\">-<\/span>\n\t\t\t\t\t\t\t\t<span class=\"konte-testimonial__company\"><\/span>\n\t\t\t\t\t\t\t<\/div>\n\t\t\t\t\t\t<\/div>\n\t\t\t\t\t<\/div>\n\t\t\t\t\t\t\t<\/div>\n\t\t\t<div class=\"konte-carousel__pagination swiper-pagination\"><\/div>\t\t<\/div>\n\t\t\t\t<\/div>\n\t\t\t\t<\/div>\n\t\t\t\t\t<\/div>\n\t\t<\/div>\n\t\t\t\t\t<\/div>\n\t\t<\/section>\n\t\t\t\t<\/div>\n\t\t","protected":false},"excerpt":{"rendered":"<p>Kilka s\u0142\u00f3w o Strefa Elewacji Oferujemy kompleksowe rozwi\u0105zania dla Twoich potrzeb budowlanych. Znajdziesz u nas wysokiej jako\u015bci styropian, tynki i zaprawy, materia\u0142y dodatkowe oraz narz\u0119dzia. Strefa Elewacji to wi\u0119cej ni\u017c&hellip;<\/p>\n","protected":false},"author":2,"featured_media":1040,"parent":0,"menu_order":0,"comment_status":"closed","ping_status":"closed","template":"elementor_header_footer","meta":{"footnotes":""},"_links":{"self":[{"href":"https:\/\/strefaelewacji.pl\/old\/wp-json\/wp\/v2\/pages\/166"}],"collection":[{"href":"https:\/\/strefaelewacji.pl\/old\/wp-json\/wp\/v2\/pages"}],"about":[{"href":"https:\/\/strefaelewacji.pl\/old\/wp-json\/wp\/v2\/types\/page"}],"author":[{"embeddable":true,"href":"https:\/\/strefaelewacji.pl\/old\/wp-json\/wp\/v2\/users\/2"}],"replies":[{"embeddable":true,"href":"https:\/\/strefaelewacji.pl\/old\/wp-json\/wp\/v2\/comments?post=166"}],"version-history":[{"count":51,"href":"https:\/\/strefaelewacji.pl\/old\/wp-json\/wp\/v2\/pages\/166\/revisions"}],"predecessor-version":[{"id":1104,"href":"https:\/\/strefaelewacji.pl\/old\/wp-json\/wp\/v2\/pages\/166\/revisions\/1104"}],"wp:featuredmedia":[{"embeddable":true,"href":"https:\/\/strefaelewacji.pl\/old\/wp-json\/wp\/v2\/media\/1040"}],"wp:attachment":[{"href":"https:\/\/strefaelewacji.pl\/old\/wp-json\/wp\/v2\/media?parent=166"}],"curies":[{"name":"wp","href":"https:\/\/api.w.org\/{rel}","templated":true}]}}