{"id":849,"date":"2024-03-26T10:54:31","date_gmt":"2024-03-26T10:54:31","guid":{"rendered":"http:\/\/strefaelewacji.pl\/?post_type=product&#038;p=849"},"modified":"2024-06-03T09:44:22","modified_gmt":"2024-06-03T09:44:22","slug":"lorem-ipsum-dolor-sit-amet-6","status":"publish","type":"product","link":"https:\/\/strefaelewacji.pl\/old\/produkt\/lorem-ipsum-dolor-sit-amet-6\/","title":{"rendered":"Tynk silikonowy PRESTIGE"},"content":{"rendered":"<p><span style=\"color: #666666; font-family: 'Open Sans', Arial, sans-serif;\">Je\u015bli szukasz trwa\u0142ego i estetycznego rozwi\u0105zania dla swojej elewacji, tynk Adler Sili<\/span><span style=\"color: #666666; font-family: 'Open Sans', Arial, sans-serif;\">m mo\u017ce by\u0107 doskona\u0142ym wyborem. Warto zwr\u00f3ci\u0107 uwag\u0119 na faktur\u0119, kt\u00f3ra wyst\u0119puje w kilku wariantach, m.in. ziarno o rozmiarach 1,0 mm, 1,5 mm, 2,0 mm i 2,5 mm12. Dzi\u0119ki szerokiej palecie kolorystycznej, mo\u017cesz dopasowa\u0107 wygl\u0105d elewacji do swoich indywidualnych preferencji.<\/span><\/p>\n<p>Je\u015bli chodzi o Tynk Silikonowy PRESTIGE, to jest to kolejny interesuj\u0105cy produkt. Oto jego kluczowe cechy:<\/p>\n<p>Wzmocniony w\u0142\u00f3knami: Tynk ten jest wytrzyma\u0142y i odporny na uszkodzenia.<\/p>\n<p><span style=\"color: #666666; font-family: Open Sans, Arial, sans-serif;\">Gotowy do u\u017cycia: Nie wymaga dodatkowego przygotowania.<\/span><\/p>\n<p><span style=\"color: #666666; font-family: Open Sans, Arial, sans-serif;\">Paroprzepuszczalny: Pozwala na swobodny przep\u0142yw pary wodnej.<\/span><\/p>\n<p><span style=\"color: #666666; font-family: Open Sans, Arial, sans-serif;\">Hydrofobowy: Odporny na wilgo\u0107.<\/span><\/p>\n<p><span style=\"color: #666666; font-family: Open Sans, Arial, sans-serif;\">Odporny na warunki atmosferyczne: Zachowuje swoje w\u0142a\u015bciwo\u015bci nawet w trudnych warunkach pogodowych.<\/span><\/p>\n<p><span style=\"color: #666666; font-family: Open Sans, Arial, sans-serif;\">Odporny na zabrudzenia: \u0141atwo utrzyma\u0107 go w czysto\u015bci.<\/span><\/p>\n<p><span style=\"color: #666666; font-family: Open Sans, Arial, sans-serif;\">Tynk Silikonowy PRESTIGE jest dost\u0119pny w r\u00f3\u017cnych fakturach, w tym \u201cbaranek\u201d (ziarno 1,0 mm, 1,5 mm, 2,0 mm, 2,5 mm) i \u201ckornik\u201d (ziarno 1,0 mm, 1,5 mm, 2,0 mm, 2,5 mm). To doskona\u0142y wyb\u00f3r dla tych, kt\u00f3rzy szukaj\u0105 trwa\u0142ego i estetycznego wyko\u0144czenia elewacji.<\/span><\/p>\n","protected":false},"excerpt":{"rendered":"<p><span style=\"color: #666666; font-family: 'Open Sans', Arial, sans-serif;\">Je\u015bli szukasz trwa\u0142ego i estetycznego rozwi\u0105zania dla swojej elewacji, tynk Adler Sili<\/span><span style=\"color: #666666; font-family: 'Open Sans', Arial, sans-serif;\">m mo\u017ce by\u0107 doskona\u0142ym wyborem.<\/span><\/p>\n","protected":false},"featured_media":1155,"comment_status":"open","ping_status":"closed","template":"","meta":[],"product_cat":[59],"product_tag":[],"_links":{"self":[{"href":"https:\/\/strefaelewacji.pl\/old\/wp-json\/wp\/v2\/product\/849"}],"collection":[{"href":"https:\/\/strefaelewacji.pl\/old\/wp-json\/wp\/v2\/product"}],"about":[{"href":"https:\/\/strefaelewacji.pl\/old\/wp-json\/wp\/v2\/types\/product"}],"replies":[{"embeddable":true,"href":"https:\/\/strefaelewacji.pl\/old\/wp-json\/wp\/v2\/comments?post=849"}],"wp:featuredmedia":[{"embeddable":true,"href":"https:\/\/strefaelewacji.pl\/old\/wp-json\/wp\/v2\/media\/1155"}],"wp:attachment":[{"href":"https:\/\/strefaelewacji.pl\/old\/wp-json\/wp\/v2\/media?parent=849"}],"wp:term":[{"taxonomy":"product_cat","embeddable":true,"href":"https:\/\/strefaelewacji.pl\/old\/wp-json\/wp\/v2\/product_cat?post=849"},{"taxonomy":"product_tag","embeddable":true,"href":"https:\/\/strefaelewacji.pl\/old\/wp-json\/wp\/v2\/product_tag?post=849"}],"curies":[{"name":"wp","href":"https:\/\/api.w.org\/{rel}","templated":true}]}}