{"id":850,"date":"2024-03-26T10:55:27","date_gmt":"2024-03-26T10:55:27","guid":{"rendered":"http:\/\/strefaelewacji.pl\/?post_type=product&#038;p=850"},"modified":"2024-06-03T09:27:58","modified_gmt":"2024-06-03T09:27:58","slug":"lorem-ipsum-dolor-sit-amet-7","status":"publish","type":"product","link":"https:\/\/strefaelewacji.pl\/old\/produkt\/lorem-ipsum-dolor-sit-amet-7\/","title":{"rendered":"TYNK SILIKONOWY HYDROFOBOWY"},"content":{"rendered":"<p>Tynk hydrofobowy to doskona\u0142e rozwi\u0105zanie dla elewacji, zar\u00f3wno na zewn\u0105trz, jak i wewn\u0105trz budynk\u00f3w. Oto kilka kluczowych informacji na temat tego rodzaju tynku:<\/p>\n<p>Faktura: Tynk hydrofobowy wyst\u0119puje w dw\u00f3ch fakturach: \u201cbaranek\u201d (ziarno o rozmiarach 1,0 mm, 1,5 mm, 2,0 mm i 2,5 mm) oraz \u201ckornik\u201d (ziarno o tych samych rozmiarach).<\/p>\n<p>W\u0142a\u015bciwo\u015bci:<\/p>\n<p>Wzmocniony w\u0142\u00f3knami: Tynk jest wyj\u0105tkowo wytrzyma\u0142y.<\/p>\n<p>Gotowy do u\u017cycia: Nie wymaga dodatkowego przygotowania.<\/p>\n<p>Paroprzepuszczalny: Pozwala na swobodny przep\u0142yw pary wodnej.<\/p>\n<p>Wysoce hydrofobowy: Jest odporny na wilgo\u0107.<\/p>\n<p>Odporny na warunki atmosferyczne: Zachowuje swoje w\u0142a\u015bciwo\u015bci nawet w trudnych warunkach pogodowych.<\/p>\n<p>Odporny na zabrudzenia: \u0141atwo utrzyma\u0107 go w czysto\u015bci.<\/p>\n<p>Samoczyszcz\u0105cy: Dzi\u0119ki tej w\u0142a\u015bciwo\u015bci tynk mo\u017ce utrzymywa\u0107 si\u0119 w dobrym stanie przez d\u0142ugi czas.<\/p>\n<p>Zastosowanie: Tynk hydrofobowy mo\u017cna stosowa\u0107 na r\u00f3\u017cnych pod\u0142o\u017cach, takich jak beton, tradycyjne tynki, pod\u0142o\u017ca gipsowe oraz p\u0142yty wi\u00f3rowe i gipsowo-kartonowe.<\/p>\n<p>Odporno\u015b\u0107 na wod\u0119: Tynk posiada wysok\u0105 odporno\u015b\u0107 na dzia\u0142anie wody, co jest istotne dla elewacji nara\u017conych na deszcz i wilgo\u0107.<\/p>\n<p>Ochrona przed grzybami i ple\u015bniami: Tynk jest zabezpieczony przed rozwojem grzyb\u00f3w, ple\u015bni i alg.<\/p>\n<p>Dost\u0119pne kolory: Mo\u017cna wybiera\u0107 spo\u015br\u00f3d r\u00f3\u017cnych kolor\u00f3w dost\u0119pnych w wzorniku farb i tynk\u00f3w firmy ADLER.<\/p>\n<p>Baza bia\u0142a i transparentna: Idealna do barwienia w mieszalnikach, aby dopasowa\u0107 kolor elewacji do indywidualnych preferencji.<\/p>\n<p>Je\u015bli planujesz remont elewacji lub dopiero jeste\u015b na etapie budowy, tynk hydrofobowy mo\u017ce by\u0107 doskona\u0142ym wyborem, zapewniaj\u0105c trwa\u0142o\u015b\u0107, estetyk\u0119 i ochron\u0119 przed warunkami atmosferycznymi<\/p>\n","protected":false},"excerpt":{"rendered":"<p>Lorem ipsum dolor sit amet, consectetur adipiscing elit. Quisque consequat ex elit.<\/p>\n","protected":false},"featured_media":1134,"comment_status":"open","ping_status":"closed","template":"","meta":[],"product_cat":[59],"product_tag":[],"_links":{"self":[{"href":"https:\/\/strefaelewacji.pl\/old\/wp-json\/wp\/v2\/product\/850"}],"collection":[{"href":"https:\/\/strefaelewacji.pl\/old\/wp-json\/wp\/v2\/product"}],"about":[{"href":"https:\/\/strefaelewacji.pl\/old\/wp-json\/wp\/v2\/types\/product"}],"replies":[{"embeddable":true,"href":"https:\/\/strefaelewacji.pl\/old\/wp-json\/wp\/v2\/comments?post=850"}],"wp:featuredmedia":[{"embeddable":true,"href":"https:\/\/strefaelewacji.pl\/old\/wp-json\/wp\/v2\/media\/1134"}],"wp:attachment":[{"href":"https:\/\/strefaelewacji.pl\/old\/wp-json\/wp\/v2\/media?parent=850"}],"wp:term":[{"taxonomy":"product_cat","embeddable":true,"href":"https:\/\/strefaelewacji.pl\/old\/wp-json\/wp\/v2\/product_cat?post=850"},{"taxonomy":"product_tag","embeddable":true,"href":"https:\/\/strefaelewacji.pl\/old\/wp-json\/wp\/v2\/product_tag?post=850"}],"curies":[{"name":"wp","href":"https:\/\/api.w.org\/{rel}","templated":true}]}}